{"id":33,"date":"2011-06-08T07:57:24","date_gmt":"2011-06-08T07:57:24","guid":{"rendered":"http:\/\/dewereldstaatstil.nl\/?page_id=33"},"modified":"2012-09-06T11:32:11","modified_gmt":"2012-09-06T11:32:11","slug":"over-linda-pijnacker-en-roeland-troost","status":"publish","type":"page","link":"https:\/\/dewereldstaatstil.nl\/?page_id=33","title":{"rendered":"Over DeWereldStaatStil"},"content":{"rendered":"<p>Wij zijn taalliefhebbers. We noteren mooie woorden en vallen stil bij een goedgeformuleerde zin. Teksten zijn steevast in de performances en installaties aanwezig. We maken deze het liefst voor specifieke locaties of momenten. Taal is ons medium die de ervaring van een tijdstip of plek enerzijds kan beschrijven en\/of anderszijds oproept.<\/p>\n<p>Een voorbeeld zijn de Wegdekdialogen in de Hoeksche Waard, die het landschap leesbaar maken doordat ze de ervaring van het daar-zijn beschrij- ven. In de performance \u2018Vreemdeling zijn we allemaal\u2019, in een besneeuwd weiland met uitzicht op de snelweg, smelten de voorgedragen teksten samen met de voorbijrijdende auto\u2019s in de verte. De pulserende lichten van de koplampen worden tot een beeld van het voorbijgaan van de tijd.<\/p>\n<p>Binnen onze performances, die vaak \u00e9\u00e9n op \u00e9\u00e9n zijn met het publiek, zoeken we naar nabijheid, zonder onze rol als kunstenaar\/performer te verzaken. Vanuit concentratie, gericht op ons doel, met de nodige ruimte voor improvisatie en interactie staat de zorgvuldig voorbereide tekst en de ervaring centraal. We nodigen publiek uit tot stilte, tot concentratie en introspectie.<\/p>\n<p>De teksten die we gebruiken zijn vaak zelfgeschreven, soms gebruiken we fragmenten uit de wereldliteratuur. Enkele favorieten zijn Italo Calvino, Georges Perec, Peter Handke, Rutger Kopland, Hans Andreus, Esther Gerritsen, W.F. Hermans, Kristien Hemmerechts, Herman de Coninck, en dan vergeten we zeker een paar namen te noemen.<\/p>\n<p>Onze verzameling boeken speelde een belangrijke rol in het volgende voorbeeld van een performance die we in 2008 maakten. Bij een kerstmaal- tijd vergezelden we het nagerecht van enig \u2018geestelijk\u2019 voedsel. E\u00e9n voor \u00e9\u00e9n namen we de gasten mee naar onze bibliotheek, keken hem of haar aan, pakten met goed gevoel het eerste boek waar we aan dachten, sloegen het open op een willekeurige bladzijde, en lazen voor.<\/p>\n<p>De observatie van de luisteraar dat een schijnbaar willekeurig gekozen tekst zo verrassend toepasselijk is illustreert hoe ieder zelf betekenis cre\u00ebrt. Verbeeldingsvolle taal is gelaagd en meerduidig. Het roept bij ieder eigen beelden, gedachten en associaties op. Dezelfde tekst kan zo verschillende betekenissen krijgen. In onze installaties en performances cre\u00ebren wij situaties waarin die betekenissen aan het licht komen.<\/p>\n<p>Linda Pijnacker en Roeland Troost<\/p>\n<p>&nbsp;<\/p>\n","protected":false},"excerpt":{"rendered":"<p>Wij zijn taalliefhebbers. We noteren mooie woorden en vallen stil bij een goedgeformuleerde zin. Teksten zijn steevast in de performances en installaties aanwezig. We maken deze het liefst voor specifieke locaties of momenten. Taal is ons medium die de ervaring van een tijdstip of plek enerzijds kan beschrijven en\/of anderszijds oproept. Een voorbeeld zijn de [&hellip;]<\/p>\n","protected":false},"author":3,"featured_media":136,"parent":0,"menu_order":0,"comment_status":"open","ping_status":"open","template":"","meta":{"footnotes":""},"class_list":["post-33","page","type-page","status-publish","has-post-thumbnail","hentry"],"_links":{"self":[{"href":"https:\/\/dewereldstaatstil.nl\/index.php?rest_route=\/wp\/v2\/pages\/33","targetHints":{"allow":["GET"]}}],"collection":[{"href":"https:\/\/dewereldstaatstil.nl\/index.php?rest_route=\/wp\/v2\/pages"}],"about":[{"href":"https:\/\/dewereldstaatstil.nl\/index.php?rest_route=\/wp\/v2\/types\/page"}],"author":[{"embeddable":true,"href":"https:\/\/dewereldstaatstil.nl\/index.php?rest_route=\/wp\/v2\/users\/3"}],"replies":[{"embeddable":true,"href":"https:\/\/dewereldstaatstil.nl\/index.php?rest_route=%2Fwp%2Fv2%2Fcomments&post=33"}],"version-history":[{"count":5,"href":"https:\/\/dewereldstaatstil.nl\/index.php?rest_route=\/wp\/v2\/pages\/33\/revisions"}],"predecessor-version":[{"id":353,"href":"https:\/\/dewereldstaatstil.nl\/index.php?rest_route=\/wp\/v2\/pages\/33\/revisions\/353"}],"wp:featuredmedia":[{"embeddable":true,"href":"https:\/\/dewereldstaatstil.nl\/index.php?rest_route=\/wp\/v2\/media\/136"}],"wp:attachment":[{"href":"https:\/\/dewereldstaatstil.nl\/index.php?rest_route=%2Fwp%2Fv2%2Fmedia&parent=33"}],"curies":[{"name":"wp","href":"https:\/\/api.w.org\/{rel}","templated":true}]}}